{"id":2,"date":"2010-03-16T20:27:41","date_gmt":"2010-03-16T19:27:41","guid":{"rendered":"http:\/\/www.vff-portal.de\/?page_id=2"},"modified":"2025-01-31T10:16:18","modified_gmt":"2025-01-31T09:16:18","slug":"ueber_uns","status":"publish","type":"page","link":"https:\/\/www.vff-portal.de\/index.php\/ueber_uns\/","title":{"rendered":"\u00dcber Uns"},"content":{"rendered":"<h4>Kommen Sie noch heute zu uns, gemeinsam sind wir stark!<\/h4>\n<h4><strong>12 gute Gr\u00fcnde f\u00fcr Ihre Mitgliedschaft im VFF<\/strong><\/h4>\n<p>\u2022 Beratung in rechtlichen Fragen durch unseren Verbandsanwalt<\/p>\n<p>\u2022 Vertretung der Berufsinteressen von Fu\u00dfpflegerInnen aller Ausbildungsst\u00e4nde und aller Schulen<\/p>\n<p>\u2022 Sehr g\u00fcnstiger Jahres-Mitgliedsbeitrag von zur Zeit \u20ac 50,00<\/p>\n<p>\u2022 Eine digitale Mitgliederzeitschrift (Daf\u00fcr brauchen wir unbedingt Ihre Email-Adressen)<\/p>\n<p>\u2022 Pr\u00e4sentation mit einer eigenen Seite hier im VFF-Portal<\/p>\n<p>\u2022 INFO-Hotline zu allen Fragen der Fu\u00dfpflege<\/p>\n<p>\u2022 Jahrestagung mit Fachvortr\u00e4gen und Erfahrungsaustausch \u201eAus der Praxis f\u00fcr die Praxis\u201c<\/p>\n<p>\u2022 Kosteng\u00fcnstige Fort- und Weiterbildung<\/p>\n<p>\u2022 Regionale Treffen zum Erfahrungsaustausch<\/p>\n<p>\u2022 Ehrenamtliche Arbeit des Vorstandes spart Kosten f\u00fcr die Mitglieder<\/p>\n<p>\u2022 Zweitgr\u00f6\u00dfter deutscher Berufsverband f\u00fcr Fu\u00dfpflegerInnen<\/p>\n<p>\u2022 Seit 1985 moderner und leistungsstarker Berufsverband f\u00fcr Fu\u00dfpflegerInnen<\/p>\n<p><strong>Nehmen Sie gleich <a href=\"https:\/\/www.vff-portal.de\/index.php\/kontakt\/\">Kontakt<\/a><\/strong> zu unserem netten Team <strong>auf<\/strong> f\u00fcr Ihre Mitgliedschaft bei uns.<\/p>\n\n\n<div class=\"wp-block-buttons is-layout-flex wp-block-buttons-is-layout-flex\">\n<div class=\"wp-block-button\"><a class=\"wp-block-button__link has-vivid-cyan-blue-background-color has-background wp-element-button\" href=\"https:\/\/www.vff-portal.de\/index.php\/kontakt\/\" style=\"border-radius:5px\" rel=\"\">Jetzt die Vorteile nutzen!<\/a><\/div>\n<\/div>\n\n\n\n<p><\/p>\n    <!-- sktbuilder starter --><script type=\"text\/javascript\" src=\"https:\/\/www.vff-portal.de\/wp-content\/plugins\/skt-builder\/sktbuilder\/sktbuilder-frontend-starter.js\"><\/script><script type=\"text\/javascript\" src=\"https:\/\/www.vff-portal.de\/wp-content\/plugins\/skt-builder\/sktbuilder-wordpress-driver.js\"><\/script><script type=\"text\/javascript\"> var starter = new SktbuilderStarter({\"mode\": \"prod\", \"skip\":[\"jquery\",\"underscore\",\"backbone\"],\"sktbuilderUrl\": \"https:\/\/www.vff-portal.de\/wp-content\/plugins\/skt-builder\/sktbuilder\/\", \"driver\": new SktbuilderWordpressDriver({\"ajaxUrl\": \"https:\/\/www.vff-portal.de\/wp-admin\/admin-ajax.php\", \"iframeUrl\": \"https:\/\/www.vff-portal.de\/index.php\/ueber_uns\/?sktbuilder=true\", \"pageId\": 2, \"pages\": [{\"title\":\"VFF | Vereinigung Freier Fu\\u00dfpflegerInnen e.V.\",\"url\":\"https:\\\/\\\/www.vff-portal.de\\\/wp-admin\\\/post.php?post=38&action=sktbuilder\"}], \"page\": \"\u00dcber Uns\" }) });<\/script><!-- end sktbuilder starter -->","protected":false},"excerpt":{"rendered":"<p>Kommen Sie noch heute zu uns, gemeinsam sind wir stark! 12 gute Gr\u00fcnde f\u00fcr Ihre Mitgliedschaft im VFF \u2022 Beratung in rechtlichen Fragen durch unseren Verbandsanwalt \u2022 Vertretung der Berufsinteressen von Fu\u00dfpflegerInnen aller Ausbildungsst\u00e4nde und aller Schulen \u2022 Sehr g\u00fcnstiger Jahres-Mitgliedsbeitrag von zur Zeit \u20ac 50,00 \u2022 Eine digitale Mitgliederzeitschrift (Daf\u00fcr brauchen wir unbedingt Ihre<br \/><a class=\"moretag\" href=\"https:\/\/www.vff-portal.de\/index.php\/ueber_uns\/\">+ Read More<\/a><\/p>\n","protected":false},"author":1,"featured_media":0,"parent":0,"menu_order":2,"comment_status":"closed","ping_status":"closed","template":"","meta":{"footnotes":""},"class_list":["post-2","page","type-page","status-publish","hentry"],"_links":{"self":[{"href":"https:\/\/www.vff-portal.de\/index.php\/wp-json\/wp\/v2\/pages\/2","targetHints":{"allow":["GET"]}}],"collection":[{"href":"https:\/\/www.vff-portal.de\/index.php\/wp-json\/wp\/v2\/pages"}],"about":[{"href":"https:\/\/www.vff-portal.de\/index.php\/wp-json\/wp\/v2\/types\/page"}],"author":[{"embeddable":true,"href":"https:\/\/www.vff-portal.de\/index.php\/wp-json\/wp\/v2\/users\/1"}],"replies":[{"embeddable":true,"href":"https:\/\/www.vff-portal.de\/index.php\/wp-json\/wp\/v2\/comments?post=2"}],"version-history":[{"count":0,"href":"https:\/\/www.vff-portal.de\/index.php\/wp-json\/wp\/v2\/pages\/2\/revisions"}],"wp:attachment":[{"href":"https:\/\/www.vff-portal.de\/index.php\/wp-json\/wp\/v2\/media?parent=2"}],"curies":[{"name":"wp","href":"https:\/\/api.w.org\/{rel}","templated":true}]}}