{"id":24,"date":"2010-03-16T21:22:13","date_gmt":"2010-03-16T20:22:13","guid":{"rendered":"http:\/\/www.vff-portal.de\/impressum\/"},"modified":"2021-11-09T11:26:49","modified_gmt":"2021-11-09T10:26:49","slug":"impressum","status":"publish","type":"page","link":"https:\/\/www.vff-portal.de\/index.php\/impressum\/","title":{"rendered":"Impressum"},"content":{"rendered":"<h2>VFF<br \/>\nVereinigung Freier Fu\u00dfpflegerInnen e.V.<\/h2>\n<h3>Postanschrift:<\/h3>\n<p><strong>VFF<\/strong><br \/>\n<strong>Postfach 60 52 69<\/strong><br \/>\n<strong>22247 Hamburg<\/strong><\/p>\n<p>Telefon: 0175 \/ 482 42 17<\/p>\n<p>Email: <a href=\"mailto:kontakt@fusspflegeportal.de\">kontakt@fusspflegeportal.de<\/a><\/p>\n<h3>Herausgeber: VFF | Vereinigung Freier Fu\u00dfpflegerInnen e.V.<\/h3>\n<h3>Redaktion:<\/h3>\n<p>Katja Adler (verantwortlich im Sinne des Presserechts)<br \/>\nVerantwortlich f\u00fcr den Inhalt ist der derzeitig amtierende Vorstand des VFF.<\/p>\n<h3>Technische Umsetzung und Betreuung:<\/h3>\n<p><a href=\"https:\/\/levy-media.de\" target=\"_blank\" rel=\"noopener\">LMCP \u00b7 LEVY MEDIA MULTICHANNEL PUBLISHING<\/a> | Alsterdorfer Stra\u00dfe 59 | 22299 Hamburg<\/p>\n<h3>Hinweise:<\/h3>\n<p>Namentlich gekennzeichnete Beitr\u00e4ge geben die Meinung des Autors \/ der Autorin wieder. Der genannte Verfasser tr\u00e4gt die Verantwortung f\u00fcr seinen Beitrag.<\/p>\n<h3>Haftung f\u00fcr Inhalte<\/h3>\n<p>Die Inhalte unserer Seiten wurden mit gr\u00f6\u00dfter Sorgfalt erstellt. F\u00fcr die Richtigkeit, Vollst\u00e4ndigkeit und Aktualit\u00e4t der Inhalte k\u00f6nnen wir jedoch keine Gew\u00e4hr \u00fcbernehmen.<\/p>\n<p>Als Diensteanbieter sind wir gem\u00e4\u00df \u00a7 6 Abs.1 MDStV und \u00a7 8 Abs.1 TDG f\u00fcr eigene Inhalte auf diesen Seiten nach den allgemeinen Gesetzen verantwortlich. Diensteanbieter sind jedoch nicht verpflichtet, die von ihnen \u00fcbermittelten oder gespeicherten fremden Informationen zu \u00fcberwachen oder nach Umst\u00e4nden zu forschen, die auf eine rechtswidrige T\u00e4tigkeit hinweisen. Verpflichtungen zur Entfernung oder Sperrung der Nutzung von Informationen nach den allgemeinen Gesetzen bleiben hiervon unber\u00fchrt. Eine diesbez\u00fcgliche Haftung ist jedoch erst ab dem Zeitpunkt der Kenntnis einer konkreten Rechtsverletzung m\u00f6glich. Bei bekannt werden von entsprechenden Rechtsverletzungen werden wir diese Inhalte umgehend entfernen.<\/p>\n<h3>Haftung f\u00fcr Links<\/h3>\n<p>Unser Angebot enth\u00e4lt Links zu externen Webseiten Dritter, auf deren Inhalte wir keinen Einfluss haben. Deshalb k\u00f6nnen wir f\u00fcr diese fremden Inhalte auch keine Gew\u00e4hr \u00fcbernehmen. F\u00fcr die Inhalte der verlinkten Seiten ist stets der jeweilige Anbieter oder Betreiber der Seiten verantwortlich. Die verlinkten Seiten wurden zum Zeitpunkt der Verlinkung auf m\u00f6gliche Rechtsverst\u00f6\u00dfe \u00fcberpr\u00fcft. Rechtswidrige Inhalte waren zum Zeitpunkt der Verlinkung nicht erkennbar. Eine permanente inhaltliche Kontrolle der verlinkten Seiten ist jedoch ohne konkrete Anhaltspunkte einer Rechtsverletzung nicht zumutbar. Bei bekannt werden von Rechtsverletzungen werden wir derartige Links umgehend entfernen.<\/p>\n<h3>Urheberrecht<\/h3>\n<p>Die Betreiber der Seiten sind bem\u00fcht, stets die Urheberrechte anderer zu beachten bzw. auf selbst erstellte sowie lizenzfreie Werke zur\u00fcckzugreifen.<\/p>\n<p>Die durch die Seitenbetreiber erstellten Inhalte und Werke auf diesen Seiten unterliegen dem deutschen Urheberrecht. Beitr\u00e4ge Dritter sind als solche gekennzeichnet. Die Vervielf\u00e4ltigung, Bearbeitung, Verbreitung und jede Art der Verwertung au\u00dferhalb der Grenzen des Urheberrechtes bed\u00fcrfen der schriftlichen Zustimmung des jeweiligen Autors bzw. Erstellers. Downloads und Kopien dieser Seite sind nur f\u00fcr den privaten, nicht kommerziellen Gebrauch gestattet.<\/p>\n<p>Die Benutzung unseres Markenzeichens (Logo) ist Dritten untersagt und bedarf der ausdr\u00fccklichen Genehmigung durch den Vorstand mit Unterschrift.<\/p>\n<h3>Datenschutz<\/h3>\n<p>Soweit auf unseren Seiten personenbezogene Daten (beispielsweise Name, Anschrift oder eMail-Adressen) erhoben werden, erfolgt dies soweit m\u00f6glich stets auf freiwilliger Basis. Die Nutzung der Angebote und Dienste ist, soweit m\u00f6glich, stets ohne Angabe personenbezogener Daten m\u00f6glich.<\/p>\n<p>Der Nutzung von im Rahmen der Impressumspflicht ver\u00f6ffentlichten Kontaktdaten durch Dritte zur \u00dcbersendung von nicht ausdr\u00fccklich angeforderter Werbung und Informationsmaterialien wird hiermit ausdr\u00fccklich widersprochen. Die Betreiber der Seiten behalten sich ausdr\u00fccklich rechtliche Schritte im Falle der unverlangten Zusendung von Werbeinformationen, etwa durch Spam-Mails, vor.<\/p>\n<p>Quelle: e-recht24.de Rechtsberatung von RA S\u00f6ren Siebert<\/p>\n<h1>Datenschutzvereinbarungen<\/h1>\n<p><p>In dieser Datenschutzerkl\u00e4rung informieren wir Sie \u00fcber die Verarbeitung Ihrer personenbezogenen Daten.<\/p>\n<p> Sofern Sie Ihre Datenschutzeinstellungen \u00e4ndern m\u00f6chten (Einwilligungen erteilen oder bereits erteilte Einwilligungen widerrufen), klicken Sie <a target=\"_blank\" href=\"#\" class=\"sp-dsgvo-show-privacy-popup\">hier<\/a> um Ihre Einstellungen zu \u00e4ndern.<\/p>\n<h2>Verantwortlich<\/h2>\n<p>Vereinigung Freier Fu\u00dfpflegerInnen e.V., Postfach 605269, 22247 Hamburg, Deutschland, <a href=\"mailto:kontakt@fusspflegeportal.de\">kontakt@fusspflegeportal.de<\/a>, 01754824217<\/p>\n<h2>Hosting Provider<\/h2>\n<h3>1&amp;1 IONOS SE<\/h3>\n<p><p>Wir hosten unsere Website bei unserem Auftragsverarbeiter <a target=\"_blank\" href=\"https:\/\/www.ionos.at\/\">1&amp;1 IONOS<\/a>, 1&amp;1 IONOS SE, Elgendorfer Str. 57, 56410 Montabaur, Deutschland.<\/p>\n<p>Zum Zweck der Bereitstellung und der Auslieferung der Website werden Verbindungsdaten verarbeitet. Zum blo\u00dfen Zweck der Auslieferung und Bereitstellung der Website werden die Daten \u00fcber den Aufruf hinaus nicht gespeichert.<\/p>\n<p>Die Rechtsgrundlage f\u00fcr die Datenverarbeitung ist das berechtigte Interesse (unbedingte technische Notwendigkeit zur Bereitstellung und Auslieferung des von Ihnen durch Ihren Aufruf ausdr\u00fccklich gew\u00fcnschten Dienstes &#8222;Website&#8220;) gem\u00e4\u00df Art. 6 Abs. 1 lit. f DSGVO.<\/p>\n<p>Zum Betrieb der Website werden die Verbindungsdaten und weitere personenbezogenen Daten zus\u00e4tzlich im Rahmen diverser anderer Funktionen bzw. Dienste verarbeitet. Dar\u00fcber wird im Rahmen dieser Datenschutzerkl\u00e4rung bei den einzelnen Funktionen bzw. Diensten im Detail informiert.<\/p>\n<\/p>\n<h2>Server Log Files<\/h2>\n<p><span><\/p>\n<p>Zum Zweck der \u00dcberwachung der technischen Funktion und zur Erh\u00f6hung der Betriebssicherheit unseres Webhosts werden Verbindungsdaten verarbeitet. Die Dauer der Verarbeitung ist auf 30 Tage beschr\u00e4nkt.<\/p>\n<p>Die Rechtsgrundlage f\u00fcr die Datenverarbeitung ist das berechtigte Interesse (unbedingte technische Notwendigkeit eines Server Log Files als grundlegende Datenbasis zur Fehleranalyse und f\u00fcr Sicherheitsma\u00dfnahmen im Rahmen des durch Ihren Aufruf ausdr\u00fccklich gew\u00fcnschten Dienstes &#8222;Website&#8220;) gem\u00e4\u00df Art. 6 Abs. 1 lit. f DSGVO.<\/p>\n<p><\/span><\/p>\n<h2>Web Schriften<\/h2>\n<h2>Analysedienste<\/h2>\n<h3>Google Analytics<\/h3>\n<p><p>Im Fall der Erteilung Ihrer Einwilligung verarbeiten wir mit dem Dienst <a target=\"_blank\" href=\"https:\\\\analytics.google.com\">Google Analytics<\/a>, Google LLC, Amphitheatre Parkway, Mountain View, CA 94043, USA, als gemeinsame Verantwortliche Ihre personenbezogenen Daten zum Zweck der Fehleranalyse und der statistischen Auswertung unserer Website. Die Nichterteilung der Einwilligung hat auf die Funktion der Website keine unmittelbare Auswirkung, ohne statistische Daten wird uns jedoch die Weiterentwicklung der Website erschwert. Eine bereits erteilte Einwilligung k\u00f6nnen Sie widerrufen, indem Sie die <a target=\"_blank\" class=\"lwb-ppsp\" href=\"#\" title=\"Datenschutzeinstellungen\">Datenschutzeinstellungen<\/a> \u00e4ndern.<\/p>\n<p>Wir erm\u00f6glichen dem Dienst die Erhebung von Verbindungsdaten, Daten ihres Webbrowsers und Daten \u00fcber die aufgerufenen Inhalte sowie die Ausf\u00fchrung von Analysesoftware und die Speicherung von Daten auf ihrem Endger\u00e4t. Der Dienst anonymisiert die erhobenen Daten unmittelbar nach der Erhebung und stellt uns die anonymen Daten in Form von Statistiken zur Auswertung zur Verf\u00fcgung. Wir nutzen diese Statistiken zur Fehlerbehebung und zur Weiterentwicklung unserer Website. Die Daten auf ihrem Endger\u00e4t werden f\u00fcr die Dauer von bis zu zwei Jahren gespeichert.<\/p>\n<p>Die Rechtsgrundlage f\u00fcr die Datenverarbeitung ist Ihre Einwilligung gem\u00e4\u00df Art. 6 Abs 1 lit. a DSGVO. Der Google Konzern \u00fcbermittelt Ihre personenbezogenen Daten in die USA. Die Rechtsgrundlage f\u00fcr die Daten\u00fcbermittlung in die USA ist Ihre Einwilligung gem\u00e4\u00df Art. 49 Abs 1 lit a iVm Art. 6 Abs 1 lit a DSGVO in Verbindung mit \u00a725 TTDSG. Sie wurden bereits vor Erteilung Ihrer Einwilligung informiert, dass die USA \u00fcber kein den Standards der EU entsprechendes Datenschutzniveau verf\u00fcgt. Insbesondere k\u00f6nnen US Geheimdienste auf Ihre Daten zugreifen, ohne dass Sie dar\u00fcber informiert werden und ohne dass Sie dagegen rechtlich vorgehen k\u00f6nnen. Der Europ\u00e4ische Gerichtshof hat aus diesem Grund in einem Urteil den fr\u00fcheren Angemessenheitsbeschluss (Privacy Shield) f\u00fcr ung\u00fcltig erkl\u00e4rt.<\/p>\n<\/p>\n<h2>Widerspruchsrecht<\/h2>\n<p><p>Sofern die Verarbeitung Ihrer personenbezogenen Daten auf Grundlage des berechtigten Interesses erfolgt, haben Sie das Recht gegen diese Verarbeitung zu widersprechen.<\/p>\n<p>Sofern keine zwingenden schutzw\u00fcrdigen Gr\u00fcnde f\u00fcr die Verarbeitung unsererseits vorliegen, wird die Verarbeitung Ihrer Daten auf Basis dieser Rechtsgrundlage eingestellt.<\/p>\n<p>Zudem haben Sie das Recht, der Verarbeitung Ihrer personenbezogenen Daten zum Zweck der Direktwerbung zu widersprechen. Im Fall des Widerspruchs werden Ihre personenbezogenen Daten nicht mehr zum Zweck der Direktwerbung verarbeitet.<\/p>\n<p>Die Rechtm\u00e4\u00dfigkeit der bis zum Widerspruch verarbeiteten Daten wird durch den Widerspruch nicht ber\u00fchrt.<\/p>\n<\/p>\n<h2>Widerrufsrecht<\/h2>\n<p><p>Sie haben das Recht eine bereits erteilte Einwilligung jederzeit zu widerrufen, indem Sie die <a target=\"_blank\" class=\"lwb-ppsp\" href=\"#\" title=\"Datenschutzeinstellungen\">Datenschutzeinstellungen<\/a> \u00e4ndern.<\/p>\n<p>Im Fall der Einwilligung in den Erhalt elektronischer Werbung kann der Widerruf Ihrer Einwilligung durch Klick auf den Abmeldelink erfolgen. In diesem Fall wird eine Verarbeitung, sofern keine andere Rechtsgrundlage besteht, eingestellt.<\/p>\n<p>Die Rechtm\u00e4\u00dfigkeit der bis zum Widerruf verarbeiteten Daten wird durch den Widerruf nicht ber\u00fchrt.<\/p>\n<\/p>\n<h2>Betroffenenrechte<\/h2>\n<p><p>Sie haben zudem das Recht auf Auskunft, Berichtigung, L\u00f6schung und Einschr\u00e4nkung der Verarbeitung der personenbezogenen Daten.<\/p>\n<p>Soweit die Rechtsgrundlage der Verarbeitung Ihrer personenbezogenen Daten in Ihrer Einwilligung oder in einem mit Ihnen abgeschlossenen Vertrag besteht, haben Sie \u00fcberdies das Recht auf Daten\u00fcbertragbarkeit. <\/p>\n<p>Weiters haben Sie das Recht auf Beschwerde bei der Aufsichtsbeh\u00f6rde. N\u00e4here Informationen zu den Aufsichtsbeh\u00f6rden in der Europ\u00e4ischen Union finden Sie <a target=\"_blank\" href=\"https:\/\/ec.europa.eu\/justice\/article-29\/structure\/data-protection-authorities\/index_en.htm\" title=\"Datenschutzbeh\u00f6rden\">hier<\/a>.<\/p><\/p>\n    <!-- sktbuilder starter --><script type=\"text\/javascript\" src=\"https:\/\/www.vff-portal.de\/wp-content\/plugins\/skt-builder\/sktbuilder\/sktbuilder-frontend-starter.js\"><\/script><script type=\"text\/javascript\" src=\"https:\/\/www.vff-portal.de\/wp-content\/plugins\/skt-builder\/sktbuilder-wordpress-driver.js\"><\/script><script type=\"text\/javascript\"> var starter = new SktbuilderStarter({\"mode\": \"prod\", \"skip\":[\"jquery\",\"underscore\",\"backbone\"],\"sktbuilderUrl\": \"https:\/\/www.vff-portal.de\/wp-content\/plugins\/skt-builder\/sktbuilder\/\", \"driver\": new SktbuilderWordpressDriver({\"ajaxUrl\": \"https:\/\/www.vff-portal.de\/wp-admin\/admin-ajax.php\", \"iframeUrl\": \"https:\/\/www.vff-portal.de\/index.php\/impressum\/?sktbuilder=true\", \"pageId\": 24, \"pages\": [{\"title\":\"VFF | Vereinigung Freier Fu\\u00dfpflegerInnen e.V.\",\"url\":\"https:\\\/\\\/www.vff-portal.de\\\/wp-admin\\\/post.php?post=38&action=sktbuilder\"}], \"page\": \"Impressum\" }) });<\/script><!-- end sktbuilder starter -->\n    <!-- sktbuilder starter --><script type=\"text\/javascript\" src=\"https:\/\/www.vff-portal.de\/wp-content\/plugins\/skt-builder\/sktbuilder\/sktbuilder-frontend-starter.js\"><\/script><script type=\"text\/javascript\" src=\"https:\/\/www.vff-portal.de\/wp-content\/plugins\/skt-builder\/sktbuilder-wordpress-driver.js\"><\/script><script type=\"text\/javascript\"> var starter = new SktbuilderStarter({\"mode\": \"prod\", \"skip\":[\"jquery\",\"underscore\",\"backbone\"],\"sktbuilderUrl\": \"https:\/\/www.vff-portal.de\/wp-content\/plugins\/skt-builder\/sktbuilder\/\", \"driver\": new SktbuilderWordpressDriver({\"ajaxUrl\": \"https:\/\/www.vff-portal.de\/wp-admin\/admin-ajax.php\", \"iframeUrl\": \"https:\/\/www.vff-portal.de\/index.php\/impressum\/?sktbuilder=true\", \"pageId\": 24, \"pages\": [{\"title\":\"VFF | Vereinigung Freier Fu\\u00dfpflegerInnen e.V.\",\"url\":\"https:\\\/\\\/www.vff-portal.de\\\/wp-admin\\\/post.php?post=38&action=sktbuilder\"}], \"page\": \"Impressum\" }) });<\/script><!-- end sktbuilder starter -->","protected":false},"excerpt":{"rendered":"<p>VFF Vereinigung Freier Fu\u00dfpflegerInnen e.V. Postanschrift: VFF Postfach 60 52 69 22247 Hamburg Telefon: 0175 \/ 482 42 17 Email: kontakt@fusspflegeportal.de Herausgeber: VFF | Vereinigung Freier Fu\u00dfpflegerInnen e.V. Redaktion: Katja Adler (verantwortlich im Sinne des Presserechts) Verantwortlich f\u00fcr den Inhalt ist der derzeitig amtierende Vorstand des VFF. Technische Umsetzung und Betreuung: LMCP \u00b7 LEVY MEDIA<br \/><a class=\"moretag\" href=\"https:\/\/www.vff-portal.de\/index.php\/impressum\/\">+ Read More<\/a><\/p>\n","protected":false},"author":1,"featured_media":0,"parent":0,"menu_order":10,"comment_status":"closed","ping_status":"closed","template":"","meta":{"footnotes":""},"class_list":["post-24","page","type-page","status-publish","hentry"],"_links":{"self":[{"href":"https:\/\/www.vff-portal.de\/index.php\/wp-json\/wp\/v2\/pages\/24","targetHints":{"allow":["GET"]}}],"collection":[{"href":"https:\/\/www.vff-portal.de\/index.php\/wp-json\/wp\/v2\/pages"}],"about":[{"href":"https:\/\/www.vff-portal.de\/index.php\/wp-json\/wp\/v2\/types\/page"}],"author":[{"embeddable":true,"href":"https:\/\/www.vff-portal.de\/index.php\/wp-json\/wp\/v2\/users\/1"}],"replies":[{"embeddable":true,"href":"https:\/\/www.vff-portal.de\/index.php\/wp-json\/wp\/v2\/comments?post=24"}],"version-history":[{"count":0,"href":"https:\/\/www.vff-portal.de\/index.php\/wp-json\/wp\/v2\/pages\/24\/revisions"}],"wp:attachment":[{"href":"https:\/\/www.vff-portal.de\/index.php\/wp-json\/wp\/v2\/media?parent=24"}],"curies":[{"name":"wp","href":"https:\/\/api.w.org\/{rel}","templated":true}]}}