{"id":38,"date":"2010-03-16T22:18:00","date_gmt":"2010-03-16T21:18:00","guid":{"rendered":"http:\/\/www.vff-portal.de\/?page_id=38"},"modified":"2025-12-31T11:00:23","modified_gmt":"2025-12-31T10:00:23","slug":"herzlich-willkommenauf-der-internetseite-des-berufsverbandes-der-vereinigung-freier-fuspflegerinnen-wir-hoffen-ihnen-hier-alles-wissenswerte-rund-um-das-thema-medizinische-fuspflege-vermitteln-zu-k","status":"publish","type":"page","link":"https:\/\/www.vff-portal.de\/","title":{"rendered":"VFF | Vereinigung Freier Fu\u00dfpflegerInnen e.V."},"content":{"rendered":"<div id=\"sktbuilder-text-block-31\" class=\"sktbuilder-block sktbuilder-text\">\r\n    <div class=\"qb-container\">\r\n            <div class=\"sktbuilder-header\">\r\n                <h2 class=\"sktbuilder-header__title sktbuilder-text__title sktbuilder-header__title_color_black\">Liebes MitgliederInnen<\/h2>\r\n                <div class=\"sktbuilder-header__description sktbuilder-text__description sktbuilder-header__description_color_black\">\r\n                   <p>Das Jahr 2025 neigt sich dem Ende zu und leider m\u00fcssen wir mitteilen, dass der Verein im n\u00e4chsten Jahr aufgel\u00f6st wird.&nbsp;<\/p><p>Durch die schwindende Mitgliederzahl (aus Altersgr\u00fcnden), ausbleibende neue Mitglieder und Krankheitsfall im Vorstand, sehen wir uns nicht mehr in der Lage, den Verein weiter zu f\u00fchren.&nbsp;<\/p><p>Auch bestand leider von Seiten der Mitglieder kaum Interesse (bis auf wenige Ausnahmen von 2\u20133 Mitgliedern) an Jahresversammlungen und Fortbildungen.&nbsp;<\/p><p>\u00dcber den weiteren Verlauf der Aufl\u00f6sung werden wir uns in 2026 melden.&nbsp;<\/p><p>Der Jahresbeitrag 2026 wird nicht mehr erhoben, K\u00fcndigung Ihrer Mitgliedschaft ist der 31.12.2025. Wir w\u00fcnschen Ihnen alles Gute und viel Gesundheit f\u00fcr 2026.<\/p>\r\n                <\/div>\r\n            <\/div>\r\n    <\/div>\r\n<\/div><div id=\"sktbuilder-text-block-81\" class=\"sktbuilder-block sktbuilder-text\">\r\n    <div class=\"qb-container\">\r\n            <div class=\"sktbuilder-header\">\r\n                <h2 class=\"sktbuilder-header__title sktbuilder-text__title sktbuilder-header__title_color_black\">Achtung<\/h2>\r\n                <div class=\"sktbuilder-header__description sktbuilder-text__description sktbuilder-header__description_color_black\">\r\n                   <p><strong>Wir nehmen zur Zeit keine neuen MItglieder auf!<\/strong><\/p>\r\n                <\/div>\r\n            <\/div>\r\n    <\/div>\r\n<\/div><div id=\"sktbuilder-text-block-79\" class=\"sktbuilder-block sktbuilder-text\">\r\n    <div class=\"qb-container\">\r\n            <div class=\"sktbuilder-header\">\r\n                <div class=\"sktbuilder-header__description sktbuilder-text__description sktbuilder-header__description_color_black\">\r\n                   <p><br><\/p>\r\n                <\/div>\r\n            <\/div>\r\n    <\/div>\r\n<\/div>    <!-- sktbuilder starter --><script type=\"text\/javascript\" src=\"https:\/\/www.vff-portal.de\/wp-content\/plugins\/skt-builder\/sktbuilder\/sktbuilder-frontend-starter.js\"><\/script><script type=\"text\/javascript\" src=\"https:\/\/www.vff-portal.de\/wp-content\/plugins\/skt-builder\/sktbuilder-wordpress-driver.js\"><\/script><script type=\"text\/javascript\"> var starter = new SktbuilderStarter({\"mode\": \"prod\", \"skip\":[\"jquery\",\"underscore\",\"backbone\"],\"sktbuilderUrl\": \"https:\/\/www.vff-portal.de\/wp-content\/plugins\/skt-builder\/sktbuilder\/\", \"driver\": new SktbuilderWordpressDriver({\"ajaxUrl\": \"https:\/\/www.vff-portal.de\/wp-admin\/admin-ajax.php\", \"iframeUrl\": \"https:\/\/www.vff-portal.de\/?sktbuilder=true\", \"pageId\": 38, \"pages\": [], \"page\": \"VFF | Vereinigung Freier Fu\u00dfpflegerInnen e.V.\" }) });<\/script><!-- end sktbuilder starter -->","protected":false},"excerpt":{"rendered":"<p>Liebes MitgliederInnen Das Jahr 2025 neigt sich dem Ende zu und leider m\u00fcssen wir mitteilen, dass der Verein im n\u00e4chsten Jahr aufgel\u00f6st wird.&nbsp;Durch die schwindende Mitgliederzahl (aus Altersgr\u00fcnden), ausbleibende neue Mitglieder und Krankheitsfall im Vorstand, sehen wir uns nicht mehr in der Lage, den Verein weiter zu f\u00fchren.&nbsp;Auch bestand leider von Seiten der Mitglieder kaum<br \/><a class=\"moretag\" href=\"https:\/\/www.vff-portal.de\/\">+ Read More<\/a><\/p>\n","protected":false},"author":1,"featured_media":0,"parent":0,"menu_order":1,"comment_status":"closed","ping_status":"closed","template":"","meta":{"footnotes":""},"class_list":["post-38","page","type-page","status-publish","hentry"],"_links":{"self":[{"href":"https:\/\/www.vff-portal.de\/index.php\/wp-json\/wp\/v2\/pages\/38","targetHints":{"allow":["GET"]}}],"collection":[{"href":"https:\/\/www.vff-portal.de\/index.php\/wp-json\/wp\/v2\/pages"}],"about":[{"href":"https:\/\/www.vff-portal.de\/index.php\/wp-json\/wp\/v2\/types\/page"}],"author":[{"embeddable":true,"href":"https:\/\/www.vff-portal.de\/index.php\/wp-json\/wp\/v2\/users\/1"}],"replies":[{"embeddable":true,"href":"https:\/\/www.vff-portal.de\/index.php\/wp-json\/wp\/v2\/comments?post=38"}],"version-history":[{"count":0,"href":"https:\/\/www.vff-portal.de\/index.php\/wp-json\/wp\/v2\/pages\/38\/revisions"}],"wp:attachment":[{"href":"https:\/\/www.vff-portal.de\/index.php\/wp-json\/wp\/v2\/media?parent=38"}],"curies":[{"name":"wp","href":"https:\/\/api.w.org\/{rel}","templated":true}]}}