{"id":4,"date":"2010-03-16T21:08:02","date_gmt":"2010-03-16T20:08:02","guid":{"rendered":"http:\/\/www.vff-portal.de\/kurse\/"},"modified":"2020-12-28T22:13:21","modified_gmt":"2020-12-28T21:13:21","slug":"kurse","status":"publish","type":"page","link":"https:\/\/www.vff-portal.de\/index.php\/kurse\/","title":{"rendered":"Kurse"},"content":{"rendered":"<p><strong>Unsere n\u00e4chsten Kurse:<\/strong><\/p>\n<p><strong>Aufbaukurs Diabetischer Fu\u00df mit Frau Katja Adler &#8211; Fachreferentin aus Neum\u00fcnster.<\/strong> Dieser Kursus ist zur Verfestigung und zum Nachweis gegen\u00fcber Krankenkassen gedacht. Vielerorts wird dieser Kursus mittlerweile auch von Alten- und Pflegeeinrichtungen gefordert. <!--more-->Sicherlich ist Ihnen bekannt, da\u00df Podologen verpflichtet sind, Fortbildungen im sogenannten Punktesystem nachzuweisen, damit sie weiterhin bei der Kasse zugelassen sind. Dieser Kurs ist Ihr Nachweis f\u00fcr eine j\u00e4hrliche Fortbildung zum Thema Diabetes. Es werden hier die Grundlagen wiederholt und aktuelle Gesetzes\u00e4nderungen, Hygienerichtlinen und ein spezielles Thema referiert. Der j\u00e4hrliche Nachweis \u00fcber die Fortbildung wird hier im Internet ver\u00f6ffentlicht.<br \/>\nDie Mindesteilnehmerzahl von<strong> 5 Personen <\/strong>mu\u00df gew\u00e4hrleistet sein, <strong>damit der Kurs statt findet.<\/strong> Anmeldeschlu\u00df ist jeweils eine Woche vor Kursbeginn, also liebe Mitglieder daran denken, Pl\u00e4tze sind nur vergeben, wenn der Kurs bezahlt ist. Ansonsten findet der Kurs <strong>nicht<\/strong> statt.<\/p>\n<p>Bitte fragen Sie f\u00fcr praxisnahe Kurse im VFF B\u00fcro nach.<\/p>\n<p>Aufgrund der aktuellen Corona Pandemie finden zur Zeit keine Seminare statt.<\/p>\n    <!-- sktbuilder starter --><script type=\"text\/javascript\" src=\"https:\/\/www.vff-portal.de\/wp-content\/plugins\/skt-builder\/sktbuilder\/sktbuilder-frontend-starter.js\"><\/script><script type=\"text\/javascript\" src=\"https:\/\/www.vff-portal.de\/wp-content\/plugins\/skt-builder\/sktbuilder-wordpress-driver.js\"><\/script><script type=\"text\/javascript\"> var starter = new SktbuilderStarter({\"mode\": \"prod\", \"skip\":[\"jquery\",\"underscore\",\"backbone\"],\"sktbuilderUrl\": \"https:\/\/www.vff-portal.de\/wp-content\/plugins\/skt-builder\/sktbuilder\/\", \"driver\": new SktbuilderWordpressDriver({\"ajaxUrl\": \"https:\/\/www.vff-portal.de\/wp-admin\/admin-ajax.php\", \"iframeUrl\": \"https:\/\/www.vff-portal.de\/index.php\/kurse\/?sktbuilder=true\", \"pageId\": 4, \"pages\": [{\"title\":\"VFF | Vereinigung Freier Fu\\u00dfpflegerInnen e.V.\",\"url\":\"https:\\\/\\\/www.vff-portal.de\\\/wp-admin\\\/post.php?post=38&action=sktbuilder\"}], \"page\": \"Kurse\" }) });<\/script><!-- end sktbuilder starter -->","protected":false},"excerpt":{"rendered":"<p>Unsere n\u00e4chsten Kurse: Aufbaukurs Diabetischer Fu\u00df mit Frau Katja Adler &#8211; Fachreferentin aus Neum\u00fcnster. Dieser Kursus ist zur Verfestigung und zum Nachweis gegen\u00fcber Krankenkassen gedacht. Vielerorts wird dieser Kursus mittlerweile auch von Alten- und Pflegeeinrichtungen gefordert.<\/p>\n","protected":false},"author":1,"featured_media":0,"parent":0,"menu_order":3,"comment_status":"closed","ping_status":"closed","template":"","meta":{"footnotes":""},"class_list":["post-4","page","type-page","status-publish","hentry"],"_links":{"self":[{"href":"https:\/\/www.vff-portal.de\/index.php\/wp-json\/wp\/v2\/pages\/4","targetHints":{"allow":["GET"]}}],"collection":[{"href":"https:\/\/www.vff-portal.de\/index.php\/wp-json\/wp\/v2\/pages"}],"about":[{"href":"https:\/\/www.vff-portal.de\/index.php\/wp-json\/wp\/v2\/types\/page"}],"author":[{"embeddable":true,"href":"https:\/\/www.vff-portal.de\/index.php\/wp-json\/wp\/v2\/users\/1"}],"replies":[{"embeddable":true,"href":"https:\/\/www.vff-portal.de\/index.php\/wp-json\/wp\/v2\/comments?post=4"}],"version-history":[{"count":0,"href":"https:\/\/www.vff-portal.de\/index.php\/wp-json\/wp\/v2\/pages\/4\/revisions"}],"wp:attachment":[{"href":"https:\/\/www.vff-portal.de\/index.php\/wp-json\/wp\/v2\/media?parent=4"}],"curies":[{"name":"wp","href":"https:\/\/api.w.org\/{rel}","templated":true}]}}