{"id":5,"date":"2010-03-16T21:08:22","date_gmt":"2010-03-16T20:08:22","guid":{"rendered":"http:\/\/www.vff-portal.de\/mitglieder\/"},"modified":"2025-09-29T11:07:38","modified_gmt":"2025-09-29T10:07:38","slug":"mitglieder","status":"publish","type":"page","link":"https:\/\/www.vff-portal.de\/index.php\/mitglieder\/","title":{"rendered":"Mitglieder | VFF"},"content":{"rendered":"<p><strong>Zur Zeit nehmen wir keine neuen Mitglieder mehr auf!<\/strong><\/p>\n\n\n<h2 class=\"wp-block-heading\">Neuwertige Fu\u00dfpflege-Einrichtung von der Fa. Gustav Baehr<\/h2>\n\n\n\n<p>wegen Praxisaufgabe im M\u00e4rz 2024 zu verkaufen.<br>1 Fu\u00dfpflegeliege<br>1 ergonomischen Behandlungsstuhl<br>1 Arbeitstisch mit Lupenlampe (Tageslicht)<br>1 Schleifmaschine Fa. S\u00fcda<br>Gesamtpreis : 1.500,\u2013 Euro&nbsp; VB<br>Bitte um Selbstabholung in Pinneberg.<br>Sylvia Eggerstedt-Wollschlaeger<br>Oeltingsallee 1<br>25421 Pinneberg<br>Tel. 04101\/ 69 12 27<\/p>\n\n\n\n<p><\/p>\n\n\n\n<p><\/p>\n\n\n\n<figure class=\"wp-block-gallery has-nested-images columns-default is-cropped wp-block-gallery-1 is-layout-flex wp-block-gallery-is-layout-flex\">\n<figure class=\"wp-block-image size-large\"><a href=\"https:\/\/www.vff-portal.de\/wp-content\/uploads\/2023\/08\/20230723_183118.jpg\"><img decoding=\"async\" width=\"768\" height=\"1024\" data-id=\"895\" src=\"https:\/\/www.vff-portal.de\/wp-content\/uploads\/2023\/08\/20230723_183118-768x1024.jpg\" alt=\"\" class=\"wp-image-895\" srcset=\"https:\/\/www.vff-portal.de\/wp-content\/uploads\/2023\/08\/20230723_183118-768x1024.jpg 768w, https:\/\/www.vff-portal.de\/wp-content\/uploads\/2023\/08\/20230723_183118-225x300.jpg 225w, https:\/\/www.vff-portal.de\/wp-content\/uploads\/2023\/08\/20230723_183118-1152x1536.jpg 1152w, https:\/\/www.vff-portal.de\/wp-content\/uploads\/2023\/08\/20230723_183118.jpg 1200w\" sizes=\"(max-width: 768px) 100vw, 768px\" \/><\/a><\/figure>\n\n\n\n<figure class=\"wp-block-image size-large\"><a href=\"https:\/\/www.vff-portal.de\/wp-content\/uploads\/2023\/08\/20230723_183226.jpg\"><img decoding=\"async\" width=\"768\" height=\"1024\" data-id=\"893\" src=\"https:\/\/www.vff-portal.de\/wp-content\/uploads\/2023\/08\/20230723_183226-768x1024.jpg\" alt=\"\" class=\"wp-image-893\" srcset=\"https:\/\/www.vff-portal.de\/wp-content\/uploads\/2023\/08\/20230723_183226-768x1024.jpg 768w, https:\/\/www.vff-portal.de\/wp-content\/uploads\/2023\/08\/20230723_183226-225x300.jpg 225w, https:\/\/www.vff-portal.de\/wp-content\/uploads\/2023\/08\/20230723_183226-1152x1536.jpg 1152w, https:\/\/www.vff-portal.de\/wp-content\/uploads\/2023\/08\/20230723_183226.jpg 1200w\" sizes=\"(max-width: 768px) 100vw, 768px\" \/><\/a><\/figure>\n\n\n\n<figure class=\"wp-block-image size-large\"><a href=\"https:\/\/www.vff-portal.de\/wp-content\/uploads\/2023\/08\/20230723_183359.jpg\"><img decoding=\"async\" width=\"768\" height=\"1024\" data-id=\"897\" src=\"https:\/\/www.vff-portal.de\/wp-content\/uploads\/2023\/08\/20230723_183359-768x1024.jpg\" alt=\"\" class=\"wp-image-897\" srcset=\"https:\/\/www.vff-portal.de\/wp-content\/uploads\/2023\/08\/20230723_183359-768x1024.jpg 768w, https:\/\/www.vff-portal.de\/wp-content\/uploads\/2023\/08\/20230723_183359-225x300.jpg 225w, https:\/\/www.vff-portal.de\/wp-content\/uploads\/2023\/08\/20230723_183359-1152x1536.jpg 1152w, https:\/\/www.vff-portal.de\/wp-content\/uploads\/2023\/08\/20230723_183359.jpg 1200w\" sizes=\"(max-width: 768px) 100vw, 768px\" \/><\/a><\/figure>\n\n\n\n<figure class=\"wp-block-image size-large\"><a href=\"https:\/\/www.vff-portal.de\/wp-content\/uploads\/2023\/08\/20230723_183502.jpg\"><img decoding=\"async\" width=\"768\" height=\"1024\" data-id=\"894\" src=\"https:\/\/www.vff-portal.de\/wp-content\/uploads\/2023\/08\/20230723_183502-768x1024.jpg\" alt=\"\" class=\"wp-image-894\" srcset=\"https:\/\/www.vff-portal.de\/wp-content\/uploads\/2023\/08\/20230723_183502-768x1024.jpg 768w, https:\/\/www.vff-portal.de\/wp-content\/uploads\/2023\/08\/20230723_183502-225x300.jpg 225w, https:\/\/www.vff-portal.de\/wp-content\/uploads\/2023\/08\/20230723_183502-1152x1536.jpg 1152w, https:\/\/www.vff-portal.de\/wp-content\/uploads\/2023\/08\/20230723_183502.jpg 1200w\" sizes=\"(max-width: 768px) 100vw, 768px\" \/><\/a><\/figure>\n\n\n\n<figure class=\"wp-block-image size-large\"><a href=\"https:\/\/www.vff-portal.de\/wp-content\/uploads\/2023\/08\/20230723_183524.jpg\"><img decoding=\"async\" width=\"768\" height=\"1024\" data-id=\"896\" src=\"https:\/\/www.vff-portal.de\/wp-content\/uploads\/2023\/08\/20230723_183524-768x1024.jpg\" alt=\"\" class=\"wp-image-896\" srcset=\"https:\/\/www.vff-portal.de\/wp-content\/uploads\/2023\/08\/20230723_183524-768x1024.jpg 768w, https:\/\/www.vff-portal.de\/wp-content\/uploads\/2023\/08\/20230723_183524-225x300.jpg 225w, https:\/\/www.vff-portal.de\/wp-content\/uploads\/2023\/08\/20230723_183524-1152x1536.jpg 1152w, https:\/\/www.vff-portal.de\/wp-content\/uploads\/2023\/08\/20230723_183524.jpg 1200w\" sizes=\"(max-width: 768px) 100vw, 768px\" \/><\/a><\/figure>\n<\/figure>\n\n\n\n<h2 class=\"wp-block-heading\">Med. Fusspflege in 65795 Hattersheim sucht zeitnahe Unterst\u00fctzung<\/h2>\n\n\n\n<p>Inkl. \u00dcbernahme ab sp\u00e4testens Sommer 2023. Zwei kleine R\u00e4ume inkl. kleinem Waschraum und WC, Kellerraum inklusive.<\/p>\n\n\n\n<p>Weitere Details gerne in einem pers\u00f6nlichen Gespr\u00e4ch.&nbsp;<\/p>\n\n\n\n<p>Mit freundlichen Gr\u00fc\u00dfen<\/p>\n\n\n\n<p>Katja Seitz<\/p>\n\n\n\n<p>mobil: 0163 6358698<\/p>\n    <!-- sktbuilder starter --><script type=\"text\/javascript\" src=\"https:\/\/www.vff-portal.de\/wp-content\/plugins\/skt-builder\/sktbuilder\/sktbuilder-frontend-starter.js\"><\/script><script type=\"text\/javascript\" src=\"https:\/\/www.vff-portal.de\/wp-content\/plugins\/skt-builder\/sktbuilder-wordpress-driver.js\"><\/script><script type=\"text\/javascript\"> var starter = new SktbuilderStarter({\"mode\": \"prod\", \"skip\":[\"jquery\",\"underscore\",\"backbone\"],\"sktbuilderUrl\": \"https:\/\/www.vff-portal.de\/wp-content\/plugins\/skt-builder\/sktbuilder\/\", \"driver\": new SktbuilderWordpressDriver({\"ajaxUrl\": \"https:\/\/www.vff-portal.de\/wp-admin\/admin-ajax.php\", \"iframeUrl\": \"https:\/\/www.vff-portal.de\/index.php\/mitglieder\/?sktbuilder=true\", \"pageId\": 5, \"pages\": [{\"title\":\"VFF | Vereinigung Freier Fu\\u00dfpflegerInnen e.V.\",\"url\":\"https:\\\/\\\/www.vff-portal.de\\\/wp-admin\\\/post.php?post=38&action=sktbuilder\"}], \"page\": \"Mitglieder | VFF\" }) });<\/script><!-- end sktbuilder starter -->","protected":false},"excerpt":{"rendered":"<p>Zur Zeit nehmen wir keine neuen Mitglieder mehr auf! Neuwertige Fu\u00dfpflege-Einrichtung von der Fa. Gustav Baehr wegen Praxisaufgabe im M\u00e4rz 2024 zu verkaufen.1 Fu\u00dfpflegeliege1 ergonomischen Behandlungsstuhl1 Arbeitstisch mit Lupenlampe (Tageslicht)1 Schleifmaschine Fa. S\u00fcdaGesamtpreis : 1.500,\u2013 Euro&nbsp; VBBitte um Selbstabholung in Pinneberg.Sylvia Eggerstedt-WollschlaegerOeltingsallee 125421 PinnebergTel. 04101\/ 69 12 27 Med. Fusspflege in 65795 Hattersheim sucht zeitnahe<br \/><a class=\"moretag\" href=\"https:\/\/www.vff-portal.de\/index.php\/mitglieder\/\">+ Read More<\/a><\/p>\n","protected":false},"author":1,"featured_media":0,"parent":0,"menu_order":5,"comment_status":"closed","ping_status":"closed","template":"","meta":{"footnotes":""},"class_list":["post-5","page","type-page","status-publish","hentry"],"_links":{"self":[{"href":"https:\/\/www.vff-portal.de\/index.php\/wp-json\/wp\/v2\/pages\/5","targetHints":{"allow":["GET"]}}],"collection":[{"href":"https:\/\/www.vff-portal.de\/index.php\/wp-json\/wp\/v2\/pages"}],"about":[{"href":"https:\/\/www.vff-portal.de\/index.php\/wp-json\/wp\/v2\/types\/page"}],"author":[{"embeddable":true,"href":"https:\/\/www.vff-portal.de\/index.php\/wp-json\/wp\/v2\/users\/1"}],"replies":[{"embeddable":true,"href":"https:\/\/www.vff-portal.de\/index.php\/wp-json\/wp\/v2\/comments?post=5"}],"version-history":[{"count":0,"href":"https:\/\/www.vff-portal.de\/index.php\/wp-json\/wp\/v2\/pages\/5\/revisions"}],"wp:attachment":[{"href":"https:\/\/www.vff-portal.de\/index.php\/wp-json\/wp\/v2\/media?parent=5"}],"curies":[{"name":"wp","href":"https:\/\/api.w.org\/{rel}","templated":true}]}}