{"id":6,"date":"2010-03-16T21:08:34","date_gmt":"2010-03-16T20:08:34","guid":{"rendered":"http:\/\/www.vff-portal.de\/stammtisch\/"},"modified":"2021-02-19T13:40:38","modified_gmt":"2021-02-19T12:40:38","slug":"meeting","status":"publish","type":"page","link":"https:\/\/www.vff-portal.de\/index.php\/meeting\/","title":{"rendered":"Meetings vor Ort | VFF live"},"content":{"rendered":"<p>Folgende Treffen vor Ort haben wir f\u00fcr Sie hier bereitgestellt:<\/p>\n<h2>Bereich: Hamburg<\/h2>\n<p><strong>Ort:<\/strong><br \/>\nOsteria Fellini, Alsterdorfer Stra\u00dfe 86, 22299 Hamburg<br \/>\nOb es wirklich hier stattfindet, wird aufgrund der Corona-Ma\u00dfnahmen, noch gekl\u00e4rt.<\/p>\n<p><strong>Termine:<\/strong><br \/>\nauf Nachfrage<\/p>\n<p><strong>Kontakt:<\/strong><br \/>\nVFF<br \/>\n22299 Hamburg<br \/>\nTelefon: 0175\/4824217<\/p>\n<div class=\"trenner\"><\/div>\n<h2>Bereich: L\u00fcbeck und Umgebung<\/h2>\n<p><strong>Ort:<\/strong><br \/>\nim CURAU, \u201cGastst\u00e4tte Hinz\u201d<br \/>\nOb es stattfindet, wird aufgrund der Corona-Ma\u00dfnahmen, noch gekl\u00e4rt.<\/p>\n<p><strong>Termine:<\/strong><br \/>\nam 3. Mittwoch im Monat<\/p>\n<p><strong>Kontakt:<\/strong><br \/>\nAndrea Engel<br \/>\nTel.: 04505 &#8211; 1007, Mobil 0152-02055447<\/p>\n<div class=\"trenner\"><\/div>\n<div class=\"trenner\"><\/div>\n<h2>Bereich: Hannover<\/h2>\n<p>Ort:<br \/>\nbitte anfragen<br \/>\nOb es stattfindet, wird aufgrund der Corona-Ma\u00dfnahmen, noch gekl\u00e4rt.<\/p>\n<p>Termine:<br \/>\nbitte anfragen<\/p>\n<p>Kontakt:<br \/>\nErika Babst Tel.: 0511 &#8211; 86 37 88<br \/>\nBirgit Klingebiel Tel.: 0511 &#8211; 5404-1331<br \/>\nAm Mittelfeld 77 | 30519 Hannover<\/p>\n    <!-- sktbuilder starter --><script type=\"text\/javascript\" src=\"https:\/\/www.vff-portal.de\/wp-content\/plugins\/skt-builder\/sktbuilder\/sktbuilder-frontend-starter.js\"><\/script><script type=\"text\/javascript\" src=\"https:\/\/www.vff-portal.de\/wp-content\/plugins\/skt-builder\/sktbuilder-wordpress-driver.js\"><\/script><script type=\"text\/javascript\"> var starter = new SktbuilderStarter({\"mode\": \"prod\", \"skip\":[\"jquery\",\"underscore\",\"backbone\"],\"sktbuilderUrl\": \"https:\/\/www.vff-portal.de\/wp-content\/plugins\/skt-builder\/sktbuilder\/\", \"driver\": new SktbuilderWordpressDriver({\"ajaxUrl\": \"https:\/\/www.vff-portal.de\/wp-admin\/admin-ajax.php\", \"iframeUrl\": \"https:\/\/www.vff-portal.de\/index.php\/meeting\/?sktbuilder=true\", \"pageId\": 6, \"pages\": [{\"title\":\"VFF | Vereinigung Freier Fu\\u00dfpflegerInnen e.V.\",\"url\":\"https:\\\/\\\/www.vff-portal.de\\\/wp-admin\\\/post.php?post=38&action=sktbuilder\"}], \"page\": \"Meetings vor Ort | VFF live\" }) });<\/script><!-- end sktbuilder starter -->","protected":false},"excerpt":{"rendered":"<p>Folgende Treffen vor Ort haben wir f\u00fcr Sie hier bereitgestellt: Bereich: Hamburg Ort: Osteria Fellini, Alsterdorfer Stra\u00dfe 86, 22299 Hamburg Ob es wirklich hier stattfindet, wird aufgrund der Corona-Ma\u00dfnahmen, noch gekl\u00e4rt. Termine: auf Nachfrage Kontakt: VFF 22299 Hamburg Telefon: 0175\/4824217 Bereich: L\u00fcbeck und Umgebung Ort: im CURAU, \u201cGastst\u00e4tte Hinz\u201d Ob es stattfindet, wird aufgrund der<br \/><a class=\"moretag\" href=\"https:\/\/www.vff-portal.de\/index.php\/meeting\/\">+ Read More<\/a><\/p>\n","protected":false},"author":1,"featured_media":0,"parent":0,"menu_order":6,"comment_status":"closed","ping_status":"closed","template":"","meta":{"footnotes":""},"class_list":["post-6","page","type-page","status-publish","hentry"],"_links":{"self":[{"href":"https:\/\/www.vff-portal.de\/index.php\/wp-json\/wp\/v2\/pages\/6","targetHints":{"allow":["GET"]}}],"collection":[{"href":"https:\/\/www.vff-portal.de\/index.php\/wp-json\/wp\/v2\/pages"}],"about":[{"href":"https:\/\/www.vff-portal.de\/index.php\/wp-json\/wp\/v2\/types\/page"}],"author":[{"embeddable":true,"href":"https:\/\/www.vff-portal.de\/index.php\/wp-json\/wp\/v2\/users\/1"}],"replies":[{"embeddable":true,"href":"https:\/\/www.vff-portal.de\/index.php\/wp-json\/wp\/v2\/comments?post=6"}],"version-history":[{"count":0,"href":"https:\/\/www.vff-portal.de\/index.php\/wp-json\/wp\/v2\/pages\/6\/revisions"}],"wp:attachment":[{"href":"https:\/\/www.vff-portal.de\/index.php\/wp-json\/wp\/v2\/media?parent=6"}],"curies":[{"name":"wp","href":"https:\/\/api.w.org\/{rel}","templated":true}]}}