{"id":8,"date":"2020-10-29T10:10:23","date_gmt":"2020-10-29T09:10:23","guid":{"rendered":"http:\/\/www.vff-portal.de\/news\/"},"modified":"2025-12-31T11:02:27","modified_gmt":"2025-12-31T10:02:27","slug":"news","status":"publish","type":"page","link":"https:\/\/www.vff-portal.de\/index.php\/news\/","title":{"rendered":"Aktuelle Mitteilungen"},"content":{"rendered":"\n<p>Das Jahr 2025 neigt sich dem Ende zu und leider m\u00fcssen wir mitteilen, dass der Verein im n\u00e4chsten Jahr aufgel\u00f6st wird.<br>Durch die schwindende Mitgliederzahl (aus Altersgr\u00fcnden), ausbleibende neue Mitglieder und Krankheitsfall im Vorstand, sehen wir uns nicht mehr in der Lage, den Verein weiter zu f\u00fchren.<br>Auch bestand leider von Seiten der Mitglieder kaum Interesse (bis auf wenige Ausnahmen von 2\u20133 Mitgliedern) an Jahresversammlungen und Fortbildungen.<br>\u00dcber den weiteren Verlauf der Aufl\u00f6sung werden wir uns in 2026 melden.<br>Der Jahresbeitrag 2026 wird nicht mehr erhoben, K\u00fcndigung Ihrer Mitgliedschaft ist der 31.12.2025. Wir w\u00fcnschen Ihnen alles Gute und viel Gesundheit f\u00fcr 2026.<\/p>\n\n\n\n<p><\/p>\n    <!-- sktbuilder starter --><script type=\"text\/javascript\" src=\"https:\/\/www.vff-portal.de\/wp-content\/plugins\/skt-builder\/sktbuilder\/sktbuilder-frontend-starter.js\"><\/script><script type=\"text\/javascript\" src=\"https:\/\/www.vff-portal.de\/wp-content\/plugins\/skt-builder\/sktbuilder-wordpress-driver.js\"><\/script><script type=\"text\/javascript\"> var starter = new SktbuilderStarter({\"mode\": \"prod\", \"skip\":[\"jquery\",\"underscore\",\"backbone\"],\"sktbuilderUrl\": \"https:\/\/www.vff-portal.de\/wp-content\/plugins\/skt-builder\/sktbuilder\/\", \"driver\": new SktbuilderWordpressDriver({\"ajaxUrl\": \"https:\/\/www.vff-portal.de\/wp-admin\/admin-ajax.php\", \"iframeUrl\": \"https:\/\/www.vff-portal.de\/index.php\/news\/?sktbuilder=true\", \"pageId\": 8, \"pages\": [{\"title\":\"VFF | Vereinigung Freier Fu\\u00dfpflegerInnen e.V.\",\"url\":\"https:\\\/\\\/www.vff-portal.de\\\/wp-admin\\\/post.php?post=38&action=sktbuilder\"}], \"page\": \"Aktuelle Mitteilungen\" }) });<\/script><!-- end sktbuilder starter -->","protected":false},"excerpt":{"rendered":"<p>Das Jahr 2025 neigt sich dem Ende zu und leider m\u00fcssen wir mitteilen, dass der Verein im n\u00e4chsten Jahr aufgel\u00f6st wird.Durch die schwindende Mitgliederzahl (aus Altersgr\u00fcnden), ausbleibende neue Mitglieder und Krankheitsfall im Vorstand, sehen wir uns nicht mehr in der Lage, den Verein weiter zu f\u00fchren.Auch bestand leider von Seiten der Mitglieder kaum Interesse (bis<br \/><a class=\"moretag\" href=\"https:\/\/www.vff-portal.de\/index.php\/news\/\">+ Read More<\/a><\/p>\n","protected":false},"author":1,"featured_media":0,"parent":0,"menu_order":4,"comment_status":"closed","ping_status":"closed","template":"","meta":{"footnotes":""},"class_list":["post-8","page","type-page","status-publish","hentry"],"_links":{"self":[{"href":"https:\/\/www.vff-portal.de\/index.php\/wp-json\/wp\/v2\/pages\/8","targetHints":{"allow":["GET"]}}],"collection":[{"href":"https:\/\/www.vff-portal.de\/index.php\/wp-json\/wp\/v2\/pages"}],"about":[{"href":"https:\/\/www.vff-portal.de\/index.php\/wp-json\/wp\/v2\/types\/page"}],"author":[{"embeddable":true,"href":"https:\/\/www.vff-portal.de\/index.php\/wp-json\/wp\/v2\/users\/1"}],"replies":[{"embeddable":true,"href":"https:\/\/www.vff-portal.de\/index.php\/wp-json\/wp\/v2\/comments?post=8"}],"version-history":[{"count":0,"href":"https:\/\/www.vff-portal.de\/index.php\/wp-json\/wp\/v2\/pages\/8\/revisions"}],"wp:attachment":[{"href":"https:\/\/www.vff-portal.de\/index.php\/wp-json\/wp\/v2\/media?parent=8"}],"curies":[{"name":"wp","href":"https:\/\/api.w.org\/{rel}","templated":true}]}}